{"id":3535,"date":"2012-02-16T10:01:06","date_gmt":"2012-02-16T10:01:06","guid":{"rendered":"http:\/\/demo.cpothemes.com\/illustrious\/?page_id=10"},"modified":"2020-02-12T16:15:18","modified_gmt":"2020-02-12T16:15:18","slug":"contact","status":"publish","type":"page","link":"https:\/\/ba-artist.de\/?page_id=3535","title":{"rendered":"Kontakt"},"content":{"rendered":"<h1><span style=\"font-family: Open Sans, serif;\"><span style=\"font-size: large;\"><b>Wie k\u00f6nnen wir Sie unterst\u00fctzen? <\/b><\/span><\/span><\/h1>\n<p><span style=\"font-family: Open Sans, serif;\"><span style=\"font-size: small;\">Sie wollen mehr \u00fcber die BA-Artisten wissen? Hinterlassen Sie uns im <\/span><\/span><span style=\"font-family: Open Sans, serif;\"><span style=\"font-size: small;\">Kontaktformular <\/span><\/span><span style=\"font-family: Open Sans, serif;\"><span style=\"font-size: small;\">Ihre Nachricht. Wir melden uns innerhalb eines Arbeitstages \u2013 versprochen! <\/span><\/span><span style=\"font-family: Open Sans, serif;\"><span style=\"font-size: small;\"><!-- Unter den Text ein einfaches Kontaktformular einbauen. --><\/span><\/span><\/p>\n<h5><span style=\"font-family: Open Sans, serif;\"><span style=\"font-size: small;\"><b>Hier finden Sie uns <!-- Graphik. Neben den Kontakten w\u00fcrde ich einen Google-Maps-Kartenausschnitt platzieren --><\/b><\/span><\/span><\/h5>\n<p><span style=\"font-family: Open Sans, serif;\"><span style=\"font-size: small;\">BA.artist-booking GmbH<br \/>\n<\/span><\/span><span style=\"font-size: small; font-family: 'Open Sans', serif;\">Karl Marx Platz 1, 99084 Erfurt<br \/>\n<\/span><span style=\"font-family: Open Sans, serif;\"><span style=\"font-size: small;\">Telefon: <a href=\"tel:+49%20361%2054183533\">+49 361 5418 3533<\/a><br \/>\n<\/span><\/span><span style=\"font-family: Open Sans, serif;\"><span style=\"font-size: small;\">Mobil: <a href=\"tel:+49%20361%2054183533\">+49 162 48 38 68 3<\/a><br \/>\n<\/span><\/span><span style=\"font-family: Open Sans, serif;\"><span style=\"font-size: small;\">E-Mail <a href=\"mailto:sekretariat@ba-artist.de\">sekretariat@ba-artist.de<\/a><\/span><\/span><\/p>\n<p><a href=\"http:\/\/ba-artist.de\/?page_id=3599\">DSGVO-DATENSCHUTZRICHTLINIEN LESEN<\/a><\/p>\n<p><span style=\"font-family: Open Sans, serif;\"><span style=\"font-size: small;\">Registerzeichen : HRB 502372 | Steuernummer: 151\/106\/10537<\/span><\/span><\/p>\n<div role=\"form\" class=\"wpcf7\" id=\"wpcf7-f3609-o1\" lang=\"de-DE\" dir=\"ltr\">\n<div class=\"screen-reader-response\"><p role=\"status\" aria-live=\"polite\" aria-atomic=\"true\"><\/p> <ul><\/ul><\/div>\n<form action=\"\/index.php?rest_route=%2Fwp%2Fv2%2Fpages%2F3535#wpcf7-f3609-o1\" method=\"post\" class=\"wpcf7-form init\" novalidate=\"novalidate\" data-status=\"init\">\n<div style=\"display: none;\">\n<input type=\"hidden\" name=\"_wpcf7\" value=\"3609\" \/>\n<input type=\"hidden\" name=\"_wpcf7_version\" value=\"5.5.6\" \/>\n<input type=\"hidden\" name=\"_wpcf7_locale\" value=\"de_DE\" \/>\n<input type=\"hidden\" name=\"_wpcf7_unit_tag\" value=\"wpcf7-f3609-o1\" \/>\n<input type=\"hidden\" name=\"_wpcf7_container_post\" value=\"0\" \/>\n<input type=\"hidden\" name=\"_wpcf7_posted_data_hash\" value=\"\" \/>\n<\/div>\n<p><span id=\"wpcf7-69dea6c418418-wrapper\" class=\"wpcf7-form-control-wrap honeypot-854-wrap\" style=\"display:none !important; visibility:hidden !important;\"><label for=\"wpcf7-69dea6c418418-field\" class=\"hp-message\">Bitte lasse dieses Feld leer.<\/label><input id=\"wpcf7-69dea6c418418-field\"  class=\"wpcf7-form-control wpcf7-text\" type=\"text\" name=\"honeypot-854\" value=\"\" size=\"40\" tabindex=\"-1\" autocomplete=\"new-password\" \/><\/span><\/p>\n<p><label> Dein Name (Pflichtfeld)<br \/>\n    <span class=\"wpcf7-form-control-wrap your-name\"><input type=\"text\" name=\"your-name\" value=\"\" size=\"40\" class=\"wpcf7-form-control wpcf7-text wpcf7-validates-as-required\" aria-required=\"true\" aria-invalid=\"false\" \/><\/span> <\/label><\/p>\n<p><label> Telefonnummer f\u00fcr R\u00fcckruf<br \/>\n    <span class=\"wpcf7-form-control-wrap tel-692\"><input type=\"tel\" name=\"tel-692\" value=\"\" size=\"40\" class=\"wpcf7-form-control wpcf7-text wpcf7-tel wpcf7-validates-as-tel\" aria-invalid=\"false\" \/><\/span> <\/label><\/p>\n<p><label> Deine E-Mail-Adresse (Pflichtfeld)<br \/>\n    <span class=\"wpcf7-form-control-wrap your-email\"><input type=\"email\" name=\"your-email\" value=\"\" size=\"40\" class=\"wpcf7-form-control wpcf7-text wpcf7-email wpcf7-validates-as-required wpcf7-validates-as-email\" aria-required=\"true\" aria-invalid=\"false\" \/><\/span> <\/label><\/p>\n<p><label> Betreff<br \/>\n    <span class=\"wpcf7-form-control-wrap your-subject\"><input type=\"text\" name=\"your-subject\" value=\"\" size=\"40\" class=\"wpcf7-form-control wpcf7-text\" aria-invalid=\"false\" \/><\/span> <\/label><\/p>\n<p><Label> Deine Nachricht (Pflichtfeld)<br \/>\n    <span class=\"wpcf7-form-control-wrap text-837\"><input type=\"text\" name=\"text-837\" value=\"\" size=\"40\" class=\"wpcf7-form-control wpcf7-text wpcf7-validates-as-required\" aria-required=\"true\" aria-invalid=\"false\" \/><\/span> <\/label><\/p>\n<p><Label> Ich habe die DSGVO Hinweise gelesen (Pflichtfeld)<br \/>\n<span class=\"wpcf7-form-control-wrap acceptance-898\"><span class=\"wpcf7-form-control wpcf7-acceptance\"><span class=\"wpcf7-list-item\"><input type=\"checkbox\" name=\"acceptance-898\" value=\"1\" aria-invalid=\"false\" \/><\/span><\/span><\/span> <\/label><\/p>\n<p><input type=\"submit\" value=\"Senden\" class=\"wpcf7-form-control has-spinner wpcf7-submit\" \/><\/p>\n<div class=\"wpcf7-response-output\" aria-hidden=\"true\"><\/div><\/form><\/div>\n","protected":false},"excerpt":{"rendered":"<p>Wie k\u00f6nnen wir Sie unterst\u00fctzen? Sie wollen mehr \u00fcber die BA-Artisten wissen? Hinterlassen Sie uns im Kontaktformular Ihre Nachricht. Wir melden uns innerhalb eines Arbeitstages \u2013 versprochen! Hier finden Sie uns BA.artist-booking GmbH Karl Marx Platz 1, 99084 Erfurt Telefon: +49 361 5418 3533 Mobil: +49 162 48 38 68 3 E-Mail sekretariat@ba-artist.de DSGVO-DATENSCHUTZRICHTLINIEN LESEN Registerzeichen : HRB 502372 | Steuernummer: 151\/106\/10537<\/p>\n","protected":false},"author":1,"featured_media":0,"parent":0,"menu_order":0,"comment_status":"closed","ping_status":"open","template":"","meta":[],"_links":{"self":[{"href":"https:\/\/ba-artist.de\/index.php?rest_route=\/wp\/v2\/pages\/3535"}],"collection":[{"href":"https:\/\/ba-artist.de\/index.php?rest_route=\/wp\/v2\/pages"}],"about":[{"href":"https:\/\/ba-artist.de\/index.php?rest_route=\/wp\/v2\/types\/page"}],"author":[{"embeddable":true,"href":"https:\/\/ba-artist.de\/index.php?rest_route=\/wp\/v2\/users\/1"}],"replies":[{"embeddable":true,"href":"https:\/\/ba-artist.de\/index.php?rest_route=%2Fwp%2Fv2%2Fcomments&post=3535"}],"version-history":[{"count":15,"href":"https:\/\/ba-artist.de\/index.php?rest_route=\/wp\/v2\/pages\/3535\/revisions"}],"predecessor-version":[{"id":3662,"href":"https:\/\/ba-artist.de\/index.php?rest_route=\/wp\/v2\/pages\/3535\/revisions\/3662"}],"wp:attachment":[{"href":"https:\/\/ba-artist.de\/index.php?rest_route=%2Fwp%2Fv2%2Fmedia&parent=3535"}],"curies":[{"name":"wp","href":"https:\/\/api.w.org\/{rel}","templated":true}]}}