{"id":3595,"date":"2018-09-01T18:26:07","date_gmt":"2018-09-01T18:26:07","guid":{"rendered":"http:\/\/ba-artist.de\/?page_id=3595"},"modified":"2018-09-17T18:59:26","modified_gmt":"2018-09-17T18:59:26","slug":"fuer-studenten","status":"publish","type":"page","link":"https:\/\/ba-artist.de\/?page_id=3595","title":{"rendered":"F\u00fcr Studenten"},"content":{"rendered":"<h1><span style=\"font-family: Open Sans, serif;\"><span style=\"font-size: large;\"><b>Studentenjob gesucht, Berufserfahrung gefunden<\/b><\/span><\/span><\/h1>\n<p><span style=\"font-family: Times New Roman, serif;\"><span style=\"font-family: Open Sans, serif;\"><span style=\"font-size: small;\">Mit dem Rucksack durch S\u00fcdostasien oder Sprachkurs in Spanien: Deine Pl\u00e4ne f\u00fcr<br \/>\nDeine Semesterferien sind gro\u00df, aber Dein Budget ist klein? \u2013 Wir haben da eine Idee f\u00fcr Dich! Du m\u00f6chtest wertvolle Kontakte f\u00fcr Deine Karriere kn\u00fcpfen, Berufserfahrun-<br \/>\ngen sammeln und nebenbei Dein Einkommen aufbessern? \u2013 Noch besser? Du willst mit einem Minijob echte Arbeitsmarktluft schnuppern und Dein Uni-Wissen erg\u00e4nzen?<br \/>\nDann sollten wir reden!<\/span><\/span><\/span><\/p>\n<h3><span style=\"font-family: Times New Roman, serif;\"><span style=\"font-family: Open Sans, serif;\"><span style=\"font-size: small;\"><b>Gut bezahlt, viel gelernt<\/b><\/span><\/span><\/span><\/h3>\n<p><span style=\"font-family: Times New Roman, serif;\"><span style=\"font-family: Open Sans, serif;\"><span style=\"font-size: small;\">Ob Studenten- oder Ferienjob, ob Praktika oder Wochenendarbeit: Als Studentenjob-<br \/>\nVermittler bieten wir Dir vielf\u00e4ltige Einsatzm\u00f6glichkeiten im Handwerk, im Messe- und<br \/>\nLadenbau sowie in der Logistik. Du profitierst von einem fairen und flexiblen Einkom-<br \/>\nmen. Dazu lernst Du mehr Firmen als andere \u201eStudis\u201c kennen. Das hilft Dir, Dich fr\u00fch-<br \/>\nzeitig zu orientieren und noch gezielter zu lernen. <\/span><\/span><\/span><\/p>\n<p><span style=\"font-family: Times New Roman, serif;\"><span style=\"font-family: Open Sans, serif;\"><span style=\"font-size: small;\">Probieren geht \u00fcber Studieren \u2013 wo<\/span><\/span><\/span><span style=\"font-family: Times New Roman, serif;\"><span style=\"font-family: Open Sans, serif;\"><span style=\"font-size: small;\">rauf wartest Du noch?<\/span><\/span><\/span><\/p>\n<p><b><span style=\"font-family: Open Sans, serif; font-size: small;\">Jetzt bewerben!<\/span><\/b><\/p>\n<p><a href=\"http:\/\/ba-artist.de\/?page_id=3599\">DSGVO-DATENSCHUTZRICHTLINIEN LESEN<\/a><\/p>\n<div role=\"form\" class=\"wpcf7\" id=\"wpcf7-f3609-o1\" lang=\"de-DE\" dir=\"ltr\">\n<div class=\"screen-reader-response\"><p role=\"status\" aria-live=\"polite\" aria-atomic=\"true\"><\/p> <ul><\/ul><\/div>\n<form action=\"\/index.php?rest_route=%2Fwp%2Fv2%2Fpages%2F3595#wpcf7-f3609-o1\" method=\"post\" class=\"wpcf7-form init\" novalidate=\"novalidate\" data-status=\"init\">\n<div style=\"display: none;\">\n<input type=\"hidden\" name=\"_wpcf7\" value=\"3609\" \/>\n<input type=\"hidden\" name=\"_wpcf7_version\" value=\"5.5.6\" \/>\n<input type=\"hidden\" name=\"_wpcf7_locale\" value=\"de_DE\" \/>\n<input type=\"hidden\" name=\"_wpcf7_unit_tag\" value=\"wpcf7-f3609-o1\" \/>\n<input type=\"hidden\" name=\"_wpcf7_container_post\" value=\"0\" \/>\n<input type=\"hidden\" name=\"_wpcf7_posted_data_hash\" value=\"\" \/>\n<\/div>\n<p><span id=\"wpcf7-69fb53029ee5c-wrapper\" class=\"wpcf7-form-control-wrap honeypot-854-wrap\" style=\"display:none !important; visibility:hidden !important;\"><label for=\"wpcf7-69fb53029ee5c-field\" class=\"hp-message\">Bitte lasse dieses Feld leer.<\/label><input id=\"wpcf7-69fb53029ee5c-field\"  class=\"wpcf7-form-control wpcf7-text\" type=\"text\" name=\"honeypot-854\" value=\"\" size=\"40\" tabindex=\"-1\" autocomplete=\"new-password\" \/><\/span><\/p>\n<p><label> Dein Name (Pflichtfeld)<br \/>\n    <span class=\"wpcf7-form-control-wrap your-name\"><input type=\"text\" name=\"your-name\" value=\"\" size=\"40\" class=\"wpcf7-form-control wpcf7-text wpcf7-validates-as-required\" aria-required=\"true\" aria-invalid=\"false\" \/><\/span> <\/label><\/p>\n<p><label> Telefonnummer f\u00fcr R\u00fcckruf<br \/>\n    <span class=\"wpcf7-form-control-wrap tel-692\"><input type=\"tel\" name=\"tel-692\" value=\"\" size=\"40\" class=\"wpcf7-form-control wpcf7-text wpcf7-tel wpcf7-validates-as-tel\" aria-invalid=\"false\" \/><\/span> <\/label><\/p>\n<p><label> Deine E-Mail-Adresse (Pflichtfeld)<br \/>\n    <span class=\"wpcf7-form-control-wrap your-email\"><input type=\"email\" name=\"your-email\" value=\"\" size=\"40\" class=\"wpcf7-form-control wpcf7-text wpcf7-email wpcf7-validates-as-required wpcf7-validates-as-email\" aria-required=\"true\" aria-invalid=\"false\" \/><\/span> <\/label><\/p>\n<p><label> Betreff<br \/>\n    <span class=\"wpcf7-form-control-wrap your-subject\"><input type=\"text\" name=\"your-subject\" value=\"\" size=\"40\" class=\"wpcf7-form-control wpcf7-text\" aria-invalid=\"false\" \/><\/span> <\/label><\/p>\n<p><Label> Deine Nachricht (Pflichtfeld)<br \/>\n    <span class=\"wpcf7-form-control-wrap text-837\"><input type=\"text\" name=\"text-837\" value=\"\" size=\"40\" class=\"wpcf7-form-control wpcf7-text wpcf7-validates-as-required\" aria-required=\"true\" aria-invalid=\"false\" \/><\/span> <\/label><\/p>\n<p><Label> Ich habe die DSGVO Hinweise gelesen (Pflichtfeld)<br \/>\n<span class=\"wpcf7-form-control-wrap acceptance-898\"><span class=\"wpcf7-form-control wpcf7-acceptance\"><span class=\"wpcf7-list-item\"><input type=\"checkbox\" name=\"acceptance-898\" value=\"1\" aria-invalid=\"false\" \/><\/span><\/span><\/span> <\/label><\/p>\n<p><input type=\"submit\" value=\"Senden\" class=\"wpcf7-form-control has-spinner wpcf7-submit\" \/><\/p>\n<div class=\"wpcf7-response-output\" aria-hidden=\"true\"><\/div><\/form><\/div>\n","protected":false},"excerpt":{"rendered":"<p>Studentenjob gesucht, Berufserfahrung gefunden Mit dem Rucksack durch S\u00fcdostasien oder Sprachkurs in Spanien: Deine Pl\u00e4ne f\u00fcr Deine Semesterferien sind gro\u00df, aber Dein Budget ist klein? \u2013 Wir haben da eine Idee f\u00fcr Dich! Du m\u00f6chtest wertvolle Kontakte f\u00fcr Deine Karriere kn\u00fcpfen, Berufserfahrun- gen sammeln und nebenbei Dein Einkommen aufbessern? \u2013 Noch besser? Du willst mit einem Minijob echte Arbeitsmarktluft schnuppern und Dein Uni-Wissen erg\u00e4nzen? Dann sollten wir reden! Gut bezahlt, viel gelernt Ob Studenten- oder Ferienjob, ob Praktika oder Wochenendarbeit:&hellip;<\/p>\n","protected":false},"author":1,"featured_media":0,"parent":0,"menu_order":0,"comment_status":"closed","ping_status":"closed","template":"","meta":[],"_links":{"self":[{"href":"https:\/\/ba-artist.de\/index.php?rest_route=\/wp\/v2\/pages\/3595"}],"collection":[{"href":"https:\/\/ba-artist.de\/index.php?rest_route=\/wp\/v2\/pages"}],"about":[{"href":"https:\/\/ba-artist.de\/index.php?rest_route=\/wp\/v2\/types\/page"}],"author":[{"embeddable":true,"href":"https:\/\/ba-artist.de\/index.php?rest_route=\/wp\/v2\/users\/1"}],"replies":[{"embeddable":true,"href":"https:\/\/ba-artist.de\/index.php?rest_route=%2Fwp%2Fv2%2Fcomments&post=3595"}],"version-history":[{"count":4,"href":"https:\/\/ba-artist.de\/index.php?rest_route=\/wp\/v2\/pages\/3595\/revisions"}],"predecessor-version":[{"id":3638,"href":"https:\/\/ba-artist.de\/index.php?rest_route=\/wp\/v2\/pages\/3595\/revisions\/3638"}],"wp:attachment":[{"href":"https:\/\/ba-artist.de\/index.php?rest_route=%2Fwp%2Fv2%2Fmedia&parent=3595"}],"curies":[{"name":"wp","href":"https:\/\/api.w.org\/{rel}","templated":true}]}}